{"id":11,"date":"2026-02-02T14:12:05","date_gmt":"2026-02-02T14:12:05","guid":{"rendered":"https:\/\/horizongroupsarl.com\/?page_id=11"},"modified":"2026-02-04T18:25:30","modified_gmt":"2026-02-04T17:25:30","slug":"acceuil","status":"publish","type":"page","link":"https:\/\/horizongroupsarl.com\/","title":{"rendered":"ACCEUIL"},"content":{"rendered":"\t\t<div data-elementor-type=\"wp-page\" data-elementor-id=\"11\" class=\"elementor elementor-11\">\n\t\t\t\t<div class=\"elementor-element elementor-element-e80f879 e-grid e-con-boxed e-con e-parent\" data-id=\"e80f879\" data-element_type=\"container\" data-e-type=\"container\">\n\t\t\t\t\t<div class=\"e-con-inner\">\n\t\t\t\t<div class=\"elementor-element elementor-element-9ddb835 elementor-widget elementor-widget-image\" data-id=\"9ddb835\" data-element_type=\"widget\" data-e-type=\"widget\" data-widget_type=\"image.default\">\n\t\t\t\t\t\t\t\t\t\t\t\t\t\t\t<img fetchpriority=\"high\" decoding=\"async\" width=\"800\" height=\"1000\" src=\"https:\/\/horizongroupsarl.com\/wp-content\/uploads\/2026\/02\/5FFA9A3C-CBA2-456F-89D8-EECB62D7D524-819x1024.jpg\" class=\"attachment-large size-large wp-image-33\" alt=\"\" srcset=\"https:\/\/horizongroupsarl.com\/wp-content\/uploads\/2026\/02\/5FFA9A3C-CBA2-456F-89D8-EECB62D7D524-819x1024.jpg 819w, https:\/\/horizongroupsarl.com\/wp-content\/uploads\/2026\/02\/5FFA9A3C-CBA2-456F-89D8-EECB62D7D524-240x300.jpg 240w, https:\/\/horizongroupsarl.com\/wp-content\/uploads\/2026\/02\/5FFA9A3C-CBA2-456F-89D8-EECB62D7D524-768x960.jpg 768w, https:\/\/horizongroupsarl.com\/wp-content\/uploads\/2026\/02\/5FFA9A3C-CBA2-456F-89D8-EECB62D7D524.jpg 1080w\" sizes=\"(max-width: 800px) 100vw, 800px\" \/>\t\t\t\t\t\t\t\t\t\t\t\t\t\t\t<\/div>\n\t\t\t\t<div class=\"elementor-element elementor-element-5064f0c elementor-widget elementor-widget-image\" data-id=\"5064f0c\" data-element_type=\"widget\" data-e-type=\"widget\" data-widget_type=\"image.default\">\n\t\t\t\t\t\t\t\t\t\t\t\t\t\t\t<img decoding=\"async\" width=\"800\" height=\"1000\" src=\"https:\/\/horizongroupsarl.com\/wp-content\/uploads\/2026\/02\/D33A2593-4321-4E28-8762-B2B3BD60B63F-819x1024.jpg\" class=\"attachment-large size-large wp-image-32\" alt=\"\" srcset=\"https:\/\/horizongroupsarl.com\/wp-content\/uploads\/2026\/02\/D33A2593-4321-4E28-8762-B2B3BD60B63F-819x1024.jpg 819w, https:\/\/horizongroupsarl.com\/wp-content\/uploads\/2026\/02\/D33A2593-4321-4E28-8762-B2B3BD60B63F-240x300.jpg 240w, https:\/\/horizongroupsarl.com\/wp-content\/uploads\/2026\/02\/D33A2593-4321-4E28-8762-B2B3BD60B63F-768x960.jpg 768w, https:\/\/horizongroupsarl.com\/wp-content\/uploads\/2026\/02\/D33A2593-4321-4E28-8762-B2B3BD60B63F.jpg 1080w\" sizes=\"(max-width: 800px) 100vw, 800px\" \/>\t\t\t\t\t\t\t\t\t\t\t\t\t\t\t<\/div>\n\t\t\t\t\t<\/div>\n\t\t\t\t<\/div>\n\t\t<div class=\"elementor-element elementor-element-5303cb2 e-flex e-con-boxed e-con e-parent\" data-id=\"5303cb2\" data-element_type=\"container\" data-e-type=\"container\">\n\t\t\t\t\t<div class=\"e-con-inner\">\n\t\t\t\t<div class=\"elementor-element elementor-element-da1c779 elementor-widget elementor-widget-heading\" data-id=\"da1c779\" data-element_type=\"widget\" data-e-type=\"widget\" data-widget_type=\"heading.default\">\n\t\t\t\t\t<h1 class=\"elementor-heading-title elementor-size-default\"><a href=\"https:\/\/horizongroupsarl.com\">HORIZON GROUP PLUS <\/a><\/h1>\t\t\t\t<\/div>\n\t\t\t\t<div class=\"elementor-element elementor-element-c3c7070 elementor-widget elementor-widget-text-editor\" data-id=\"c3c7070\" data-element_type=\"widget\" data-e-type=\"widget\" data-widget_type=\"text-editor.default\">\n\t\t\t\t\t\t\t\t\t<p><em><strong>Nous d\u00e9veloppons des projets \u00e0 fort impact \u00e0 travers plusieurs secteurs strat\u00e9giques :<\/strong><\/em><br data-start=\"1015\" data-end=\"1018\" \/><em><strong>production d\u2019\u00e9v\u00e9nements culturels, financement de projets, bettings, immobilier, cryptomonnaies et services de change.<\/strong><\/em><\/p>\t\t\t\t\t\t\t\t<\/div>\n\t\t\t\t<div class=\"elementor-element elementor-element-34d76d5 elementor-widget elementor-widget-button\" data-id=\"34d76d5\" data-element_type=\"widget\" data-e-type=\"widget\" data-widget_type=\"button.default\">\n\t\t\t\t\t\t\t\t\t\t<a class=\"elementor-button elementor-button-link elementor-size-sm\" href=\"#pageGroup\">\n\t\t\t\t\t\t<span class=\"elementor-button-content-wrapper\">\n\t\t\t\t\t\t\t\t\t<span class=\"elementor-button-text\">D\u00e9couvrir le groupe<\/span>\n\t\t\t\t\t<\/span>\n\t\t\t\t\t<\/a>\n\t\t\t\t\t\t\t\t<\/div>\n\t\t\t\t<div class=\"elementor-element elementor-element-d2256c6 elementor-widget elementor-widget-heading\" data-id=\"d2256c6\" data-element_type=\"widget\" data-e-type=\"widget\" data-widget_type=\"heading.default\">\n\t\t\t\t\t<h2 class=\"elementor-heading-title elementor-size-default\">Ajoutez votre titre ici<\/h2>\t\t\t\t<\/div>\n\t\t\t\t\t<\/div>\n\t\t\t\t<\/div>\n\t\t\t\t<\/div>\n\t\t","protected":false},"excerpt":{"rendered":"<p>HORIZON GROUP PLUS Nous d\u00e9veloppons des projets \u00e0 fort impact \u00e0 travers plusieurs secteurs strat\u00e9giques :production d\u2019\u00e9v\u00e9nements culturels, financement de projets, bettings, immobilier, cryptomonnaies et services de change. D\u00e9couvrir le groupe Ajoutez votre titre ici<\/p>\n","protected":false},"author":1,"featured_media":0,"parent":0,"menu_order":0,"comment_status":"closed","ping_status":"closed","template":"","meta":{"footnotes":""},"class_list":["post-11","page","type-page","status-publish","hentry"],"_links":{"self":[{"href":"https:\/\/horizongroupsarl.com\/index.php\/wp-json\/wp\/v2\/pages\/11","targetHints":{"allow":["GET"]}}],"collection":[{"href":"https:\/\/horizongroupsarl.com\/index.php\/wp-json\/wp\/v2\/pages"}],"about":[{"href":"https:\/\/horizongroupsarl.com\/index.php\/wp-json\/wp\/v2\/types\/page"}],"author":[{"embeddable":true,"href":"https:\/\/horizongroupsarl.com\/index.php\/wp-json\/wp\/v2\/users\/1"}],"replies":[{"embeddable":true,"href":"https:\/\/horizongroupsarl.com\/index.php\/wp-json\/wp\/v2\/comments?post=11"}],"version-history":[{"count":21,"href":"https:\/\/horizongroupsarl.com\/index.php\/wp-json\/wp\/v2\/pages\/11\/revisions"}],"predecessor-version":[{"id":78,"href":"https:\/\/horizongroupsarl.com\/index.php\/wp-json\/wp\/v2\/pages\/11\/revisions\/78"}],"wp:attachment":[{"href":"https:\/\/horizongroupsarl.com\/index.php\/wp-json\/wp\/v2\/media?parent=11"}],"curies":[{"name":"wp","href":"https:\/\/api.w.org\/{rel}","templated":true}]}}